{"id":2124,"date":"2023-07-05T08:58:08","date_gmt":"2023-07-05T08:58:08","guid":{"rendered":"http:\/\/xoangonzalez.es\/?page_id=2124"},"modified":"2023-09-28T10:20:26","modified_gmt":"2023-09-28T10:20:26","slug":"aviso-legal","status":"publish","type":"page","link":"https:\/\/xoangonzalez.es\/en\/aviso-legal\/","title":{"rendered":"Aviso Legal"},"content":{"rendered":"<div data-elementor-type=\"wp-page\" data-elementor-id=\"2124\" class=\"elementor elementor-2124\" data-elementor-post-type=\"page\">\n\t\t\t\t<div class=\"elementor-element elementor-element-6291c74 e-flex e-con-boxed e-con e-parent\" data-id=\"6291c74\" data-element_type=\"container\" data-settings=\"{&quot;background_background&quot;:&quot;classic&quot;,&quot;jet_parallax_layout_list&quot;:[]}\">\n\t\t\t\t\t<div class=\"e-con-inner\">\n\t\t<div class=\"elementor-element elementor-element-8bd9f32 e-con-full e-flex e-con e-child\" data-id=\"8bd9f32\" data-element_type=\"container\" data-settings=\"{&quot;jet_parallax_layout_list&quot;:[]}\">\n\t\t\t\t<div class=\"elementor-element elementor-element-0590bfe elementor-widget__width-inherit elementor-widget elementor-widget-heading\" data-id=\"0590bfe\" data-element_type=\"widget\" data-widget_type=\"heading.default\">\n\t\t\t\t<div class=\"elementor-widget-container\">\n\t\t\t\t\t<h2 class=\"elementor-heading-title elementor-size-default\">Aviso <a class=\"blue\">legal<\/a><\/h2>\t\t\t\t<\/div>\n\t\t\t\t<\/div>\n\t\t<div class=\"elementor-element elementor-element-012e560 e-con-full e-flex e-con e-child\" data-id=\"012e560\" data-element_type=\"container\" data-settings=\"{&quot;jet_parallax_layout_list&quot;:[]}\">\n\t\t\t\t<div class=\"elementor-element elementor-element-46c4085 elementor-widget elementor-widget-text-editor\" data-id=\"46c4085\" data-element_type=\"widget\" data-widget_type=\"text-editor.default\">\n\t\t\t\t<div class=\"elementor-widget-container\">\n\t\t\t\t\t\t\t\t\t<p>Xoan Gonz\u00e1lez Soto, con domicilio en Murcia, C\/ Dr.Juan Antonio Parrilla,16-1\u00baG CODIGO POSTAL 30007, Coach Senior Profesional Certificado n\u00ba 10574 por la Asociaci\u00f3n Espa\u00f1ola de Coaching (ASESCO), socio miembro de la ICF (International Coach Federation) y bajo la marca comercial FACTOR COACH (en adelante la \u201cEMPRESA\u201d), es el titular de este \u201cSitio Web\u201d.<br \/>\u200b<br \/>1.- De la utilizaci\u00f3n de este Sitio Web:<\/p><p>a) La utilizaci\u00f3n del Sitio Web y de sus contenidos implica la aceptaci\u00f3n de todas y cada una de las condiciones incluidas en el presente Aviso Legal. El Usuario se obliga a hacer un uso diligente del Sitio Web, de acuerdo con la Ley y el presente Aviso legal.<br \/>b) La EMPRESA se reserva el derecho a interrumpir en cualquier momento, sin previo aviso y por cualquier motivo, el acceso al Sitio Web o a una zona determinada del mismo, as\u00ed como a modificar el dise\u00f1o, presentaci\u00f3n, configuraci\u00f3n o contenido.<br \/>c) Toda la informaci\u00f3n contenida en este Sitio Web, as\u00ed como el dise\u00f1o gr\u00e1fico, im\u00e1genes, c\u00f3digos fuente, marcas, nombres comerciales, denominaciones, art\u00edculos, informes, etc., est\u00e1n sujetos a los derechos de propiedad intelectual e industrial de la EMPRESA o de terceros. Bajo ning\u00fan supuesto, el acceso al Sitio Web supone la renuncia, transmisi\u00f3n, cesi\u00f3n o licencia total o parcial de dichos derechos de propiedad intelectual o industrial, ni confiere ning\u00fan derecho de utilizaci\u00f3n, traducci\u00f3n, adaptaci\u00f3n, alteraci\u00f3n, explotaci\u00f3n, reproducci\u00f3n, distribuci\u00f3n o comunicaci\u00f3n p\u00fablica, con fines comerciales, de dichos contenidos sin la previa y expresa autorizaci\u00f3n de la EMPRESA o del tercero titular de los derechos afectados.<\/p><p>2. Protecci\u00f3n de Datos y Privacidad<\/p><p>A los efectos de lo dispuesto en la normativa vigente relativa a la protecci\u00f3n de datos de car\u00e1cter personal, la EMPRESA informa al Usuario de la existencia de un fichero automatizado creado y bajo la responsabilidad de esta EMPRESA, con los datos personales que nos pudiera facilitar durante la navegaci\u00f3n por nuestro Sitio Web (en el momento de su registro o cuando remita un formulario o realice su consulta, comentario o solicitud), con la finalidad de poder gestionar su petici\u00f3n, as\u00ed como enviarle informaci\u00f3n por cualquier medio, incluido el correo electr\u00f3nico y\/o medio equivalente, sobre servicios y novedades que consideremos de su inter\u00e9s. A los efectos de lo dispuesto en la Ley Org\u00e1nica 15\/1999, de 13 de Diciembre, de Protecci\u00f3n de Datos de Car\u00e1cter Personal (LOPD), le informamos que sus datos ser\u00e1n incluidos en un fichero de datos de car\u00e1cter personal cuya titularidad recae en Xoan Gonz\u00e1lez Soto bajo la marca FACTOR COACH, quien ha adoptado las medidas de seguridad oportunas. Dicho fichero, est\u00e1 debidamente registrado en la Agencia Espa\u00f1ola de Protecci\u00f3n de Datos. La EMPRESA tratar\u00e1 los datos de forma confidencial y exclusivamente para la finalidad relativa al asunto para el que se ha realizado la solicitud. La EMPRESA cancelar\u00e1, borrar\u00e1 o bloquear\u00e1 los datos cuando resulten inexactos, incompletos o hayan dejado de ser necesarios o pertinentes para su finalidad, de conformidad con lo previsto en la LOPD, con las disposiciones normativas que la desarrollan. En los formularios de recogida de datos, los campos se\u00f1alados con asterisco son obligatorios por lo que en caso de que el Usuario no facilite los datos correspondientes, la EMPRESA podr\u00e1 denegar el correspondiente servicio. El Usuario podr\u00e1 revocar el consentimiento prestado y ejercer los derechos de acceso, rectificaci\u00f3n, cancelaci\u00f3n y oposici\u00f3n mediante petici\u00f3n escrita dirigida a la direcci\u00f3n de correo electr\u00f3nico xoan@factorcoach.es o a su sede central con direcci\u00f3n en C\/Dr.Juan Antonio Parrilla, 16-1\u00baG 30007 (Murcia).<\/p><p>3. Cookies y archivo de registro<\/p><p>FACTOR COACH podr\u00e1 colocar una \u201ccookie\u201d en el disco duro de su ordenador a fin de reconocerlo como usuario recurrente y personalizar su uso del Sitio Web. La cookie se guardar\u00e1 en el disco duro de su ordenador hasta que usted la elimine. Podr\u00e1 hacer que su navegador le avise de la presencia de cookies o que los rechace autom\u00e1ticamente. Si rechaza las cookies podr\u00e1 seguir usando el Sitio Web, si bien ello podr\u00e1 suponer la limitaci\u00f3n en el uso de algunas de las prestaciones o impedir el buen funcionamiento del Sitio Web.<br \/>\u200b<br \/>4. Ley Aplicable y Jurisdicci\u00f3n<br \/>\u200b<br \/>Toda cuesti\u00f3n litigiosa relacionada con este Sitio Web se regir\u00e1 por la legislaci\u00f3n espa\u00f1ola, siendo competentes para la resoluci\u00f3n de todos los conflictos derivados o relacionados con su uso, los Jueces y Tribunales de Murcia (Espa\u00f1a).<br \/>\u200b<br \/>Nuevo Reglamento Europeo de Protecci\u00f3n de Datos (RGPD)<\/p><p>\u00bfQu\u00e9 es el RGPD?<br \/>El RGPD es una nueva normativa europea que da un gran paso a la hora de regular la gesti\u00f3n de datos personales, tanto en la forma tradicional en la que se ven\u00eda haciendo como en los nuevos entornos digitales. De esta forma, ahora Usted tendr\u00e1 m\u00e1s control sobre sus datos y \u00e9stos, a su vez, tendr\u00e1n una protecci\u00f3n mayor.<br \/>\u200b<br \/>\u00bfQu\u00e9 \u00e1mbitos le supone?<br \/>Gracias al RGPD, sus datos personales quedan a\u00fan m\u00e1s protegidos mediante nuevos derechos, como el derecho de portabilidad o el derecho a la limitaci\u00f3n del tratamiento, que Usted puede ejercer en cualquier momento.<br \/>Adem\u00e1s, podr\u00e1 dar o retirar su consentimiento a los tratamientos que nosotros llevamos a cabo. No obstante, existen tratamientos que son obligatorios para el mantenimiento del objeto del contrato y\/o cumplimiento normativo, por lo que, en estos casos, el tratamiento deber\u00e1 seguir llev\u00e1ndose a cabo.<br \/>Para conocer en detalle nuestra pol\u00edtica de protecci\u00f3n de datos, a continuaci\u00f3n le ampliamos en detalle la siguiente informaci\u00f3n. Asimismo, para cualquier duda o aclaraci\u00f3n que necesite, puede ponerse en contacto con nosotros a trav\u00e9s del mail xoan@factorcoach.es<\/p><p>INFORMACI\u00d3N ADICIONAL SOBRE PROTECCI\u00d3N DE DATOS<br \/>\u200b<br \/>Responsable del tratamiento<br \/>Xoan Gonz\u00e1lez Soto<br \/>Direcci\u00f3n Postal: C\/Doctor Juan Antonio Parrilla,16-1\u00bag<br \/>30007 &#8211; Murcia<br \/>Contacto Delegado de Protecci\u00f3n de Datos: xoan@factorcoach.es<br \/>\u200b<br \/>Finalidad del tratamiento<br \/>Los datos se recogen con la finalidad de enviarle informaci\u00f3n sobre servicios o productos relacionados con el sector del desarrollo personal. En todo caso, el titular de los datos tiene derecho a retirar su consentimiento en cualquier momento a trav\u00e9s de la direcci\u00f3n de correo electr\u00f3nico arriba indicada o mediante comunicaci\u00f3n escrita dirigida a la direcci\u00f3n postal indicada.<br \/>\u200b<br \/>Conservaci\u00f3n de sus datos<br \/>Sus datos personales ser\u00e1n conservados durante toda la vigencia de la relaci\u00f3n contractual. Asimismo, y en relaci\u00f3n con las ofertas prospectivas de productos y servicios, sus datos personales ser\u00e1n conservados mientras no retire su consentimiento.<br \/>\u200b<br \/>Cesi\u00f3n de sus datos<br \/>Sus datos podr\u00e1n ser compartidos con Xoan Gonz\u00e1lez Soto. Asimismo, podr\u00e1n ser destinatarios de la informaci\u00f3n, como encargados del tratamiento, las empresas que sean contratadas para dar soporte al cliente en el cumplimiento y gesti\u00f3n del contrato, como pueden ser aquellas que realizan funciones de gestor\u00eda o protocolizaci\u00f3n de los acuerdos alcanzados.<br \/>\u200b<br \/>Sus datos personales no ser\u00e1n transferidos fuera del territorio de la Uni\u00f3n Europea.<br \/>\u200b<br \/>Sus derechos en relaci\u00f3n a protecci\u00f3n de datos<br \/>Puede ejercitar los derechos de acceso, rectificaci\u00f3n, supresi\u00f3n, oposici\u00f3n, portabilidad de datos y limitaci\u00f3n del tratamiento de los datos facilitados, derechos que podr\u00e1 ejercitar en los t\u00e9rminos establecidos en la legislaci\u00f3n vigente, dirigi\u00e9ndose por correo postal a la direcci\u00f3n arriba indicada o a trav\u00e9s del correo electr\u00f3nico: xoan@factorcoach.es, y en la que deber\u00e1 indicar un domicilio a efectos de notificaciones. En todo caso, deber\u00e1 acreditar su identidad mediante fotocopia de su DNI\/CIF.<br \/>\u200b<br \/>Puede presentar igualmente una reclamaci\u00f3n ante la Agencia Espa\u00f1ola de Protecci\u00f3n de Datos. Dispone de la informaci\u00f3n necesaria en: www.agpd.es<br \/>\u200b<br \/>\u200b<\/p>\t\t\t\t\t\t\t\t<\/div>\n\t\t\t\t<\/div>\n\t\t\t\t<\/div>\n\t\t\t\t<\/div>\n\t\t\t\t\t<\/div>\n\t\t\t\t<\/div>\n\t\t\t\t<\/div>","protected":false},"excerpt":{"rendered":"<p>Aviso legal Xoan Gonz\u00e1lez Soto, con domicilio en Murcia, C\/ Dr.Juan Antonio Parrilla,16-1\u00baG CODIGO POSTAL 30007, Coach Senior Profesional Certificado n\u00ba 10574 por la Asociaci\u00f3n Espa\u00f1ola de Coaching (ASESCO), socio miembro de la ICF (International Coach Federation) y bajo la marca comercial FACTOR COACH (en adelante la \u201cEMPRESA\u201d), es el titular de este \u201cSitio Web\u201d.\u200b1.- [&hellip;]<\/p>\n","protected":false},"author":1,"featured_media":0,"parent":0,"menu_order":0,"comment_status":"closed","ping_status":"closed","template":"","meta":{"inline_featured_image":false,"_cloudinary_featured_overwrite":false,"footnotes":""},"class_list":["post-2124","page","type-page","status-publish","hentry"],"_links":{"self":[{"href":"https:\/\/xoangonzalez.es\/en\/wp-json\/wp\/v2\/pages\/2124","targetHints":{"allow":["GET"]}}],"collection":[{"href":"https:\/\/xoangonzalez.es\/en\/wp-json\/wp\/v2\/pages"}],"about":[{"href":"https:\/\/xoangonzalez.es\/en\/wp-json\/wp\/v2\/types\/page"}],"author":[{"embeddable":true,"href":"https:\/\/xoangonzalez.es\/en\/wp-json\/wp\/v2\/users\/1"}],"replies":[{"embeddable":true,"href":"https:\/\/xoangonzalez.es\/en\/wp-json\/wp\/v2\/comments?post=2124"}],"version-history":[{"count":4,"href":"https:\/\/xoangonzalez.es\/en\/wp-json\/wp\/v2\/pages\/2124\/revisions"}],"predecessor-version":[{"id":18526,"href":"https:\/\/xoangonzalez.es\/en\/wp-json\/wp\/v2\/pages\/2124\/revisions\/18526"}],"wp:attachment":[{"href":"https:\/\/xoangonzalez.es\/en\/wp-json\/wp\/v2\/media?parent=2124"}],"curies":[{"name":"wp","href":"https:\/\/api.w.org\/{rel}","templated":true}]}}