{"id":460,"date":"2023-06-19T08:05:51","date_gmt":"2023-06-19T08:05:51","guid":{"rendered":"http:\/\/xoangonzalez.es\/?page_id=460"},"modified":"2024-02-21T09:52:20","modified_gmt":"2024-02-21T09:52:20","slug":"xoan","status":"publish","type":"page","link":"https:\/\/xoangonzalez.es\/en\/xoan\/","title":{"rendered":"Xoan"},"content":{"rendered":"<div data-elementor-type=\"wp-page\" data-elementor-id=\"460\" class=\"elementor elementor-460\" data-elementor-post-type=\"page\">\n\t\t\t\t<div class=\"elementor-element elementor-element-8d959ac e-con-full e-flex e-con e-parent\" data-id=\"8d959ac\" data-element_type=\"container\" data-settings=\"{&quot;background_background&quot;:&quot;classic&quot;,&quot;jet_parallax_layout_list&quot;:[]}\">\n\t\t<div class=\"elementor-element elementor-element-2e07df4 e-con-full e-flex e-con e-child\" data-id=\"2e07df4\" data-element_type=\"container\" data-settings=\"{&quot;jet_parallax_layout_list&quot;:[],&quot;background_background&quot;:&quot;classic&quot;}\">\n\t\t\t\t<div class=\"elementor-element elementor-element-0d6d7aa elementor-widget elementor-widget-spacer\" data-id=\"0d6d7aa\" data-element_type=\"widget\" data-widget_type=\"spacer.default\">\n\t\t\t\t<div class=\"elementor-widget-container\">\n\t\t\t\t\t\t\t<div class=\"elementor-spacer\">\n\t\t\t<div class=\"elementor-spacer-inner\"><\/div>\n\t\t<\/div>\n\t\t\t\t\t\t<\/div>\n\t\t\t\t<\/div>\n\t\t\t\t<div class=\"elementor-element elementor-element-22d0fde elementor-widget__width-initial elementor-widget-mobile__width-inherit elementor-widget elementor-widget-text-editor\" data-id=\"22d0fde\" data-element_type=\"widget\" data-widget_type=\"text-editor.default\">\n\t\t\t\t<div class=\"elementor-widget-container\">\n\t\t\t\t\t\t\t\t\t<p><em>\u201dTenemos que aprender por nosotros mismos y luego ense\u00f1ar a los dem\u00e1s, que en realidad no importa que no esperemos nada de la vida, sino si la vida espera algo de nosotros\u201d<\/em><\/p><p><a style=\"color: #97d1dc;\">Victor Frankl<\/a><\/p>\t\t\t\t\t\t\t\t<\/div>\n\t\t\t\t<\/div>\n\t\t\t\t<\/div>\n\t\t<div class=\"elementor-element elementor-element-e25baf5 e-con-full elementor-hidden-mobile e-flex e-con e-child\" data-id=\"e25baf5\" data-element_type=\"container\" data-settings=\"{&quot;jet_parallax_layout_list&quot;:[],&quot;background_background&quot;:&quot;classic&quot;}\">\n\t\t\t\t<div class=\"elementor-element elementor-element-277bca0 elementor-widget elementor-widget-spacer\" data-id=\"277bca0\" data-element_type=\"widget\" data-widget_type=\"spacer.default\">\n\t\t\t\t<div class=\"elementor-widget-container\">\n\t\t\t\t\t\t\t<div class=\"elementor-spacer\">\n\t\t\t<div class=\"elementor-spacer-inner\"><\/div>\n\t\t<\/div>\n\t\t\t\t\t\t<\/div>\n\t\t\t\t<\/div>\n\t\t\t\t<\/div>\n\t\t\t\t<\/div>\n\t\t<div class=\"elementor-element elementor-element-356cd9f e-flex e-con-boxed e-con e-parent\" data-id=\"356cd9f\" data-element_type=\"container\" data-settings=\"{&quot;background_background&quot;:&quot;classic&quot;,&quot;jet_parallax_layout_list&quot;:[]}\">\n\t\t\t\t\t<div class=\"e-con-inner\">\n\t\t<div class=\"elementor-element elementor-element-517fa4b e-con-full e-flex e-con e-child\" data-id=\"517fa4b\" data-element_type=\"container\" data-settings=\"{&quot;jet_parallax_layout_list&quot;:[]}\">\n\t\t\t\t<div class=\"elementor-element elementor-element-5223133 elementor-widget__width-inherit elementor-widget elementor-widget-heading\" data-id=\"5223133\" data-element_type=\"widget\" data-widget_type=\"heading.default\">\n\t\t\t\t<div class=\"elementor-widget-container\">\n\t\t\t\t\t<h2 class=\"elementor-heading-title elementor-size-default\"><a class=\"blue\"> Crear un mundo<\/a> al que las\n<a class=\"blue\"> personas<\/a> deseen <a class=\"blue\"> pertenecer<\/a><\/h2>\t\t\t\t<\/div>\n\t\t\t\t<\/div>\n\t\t\t\t<\/div>\n\t\t<div class=\"elementor-element elementor-element-e552fb4 e-con-full e-flex e-con e-child\" data-id=\"e552fb4\" data-element_type=\"container\" data-settings=\"{&quot;jet_parallax_layout_list&quot;:[]}\">\n\t\t\t\t<div class=\"elementor-element elementor-element-c152bde elementor-widget elementor-widget-text-editor\" data-id=\"c152bde\" data-element_type=\"widget\" data-widget_type=\"text-editor.default\">\n\t\t\t\t<div class=\"elementor-widget-container\">\n\t\t\t\t\t\t\t\t\t<h4>\u00a1Me presento!<\/h4><p>Soy <span style=\"color: #ccffff;\"><strong>Xoan Gonz\u00e1lez Soto<\/strong><\/span>, un apasionado del liderazgo, desarrollo personal y potencial humano. Experto en la gesti\u00f3n del talento en organizaciones, soy <span style=\"color: #ccffff;\"><strong>trainer<\/strong><\/span> y <span style=\"color: #ccffff;\"><strong>Coach Ejecutivo Senior<\/strong> <strong>(CPS)<\/strong><\/span> certificado por <span style=\"color: #ccffff;\"><strong>ASESCO<\/strong>.<\/span><\/p><p>He trabajado con m\u00e1s de dos mil profesionales, desde CEOs a equipos de direcci\u00f3n en diferentes empresas, desarrollando habilidades directivas, profesionales y personales. Participo adem\u00e1s como ponente en diferentes universidades y escuelas de negocio y colabora en la actualidad en diversos proyectos, como la <span style=\"color: #ccffff;\"><strong>red365<\/strong><\/span> del <span style=\"color: #ccffff;\"><strong>TSJ (Tribunal Superior de Justicia)<\/strong><\/span>.<\/p><p>Estudi\u00e9 Econ\u00f3micas, Direcci\u00f3n Comercial y soy M\u00e1ster en Marketing y Comunicaci\u00f3n Digital por la Universidad Camilo Jos\u00e9 Cela. Me he formado a nivel internacional, con varios de los referentes mundiales en el campo del liderazgo y desarrollo personal. <em>Robert Dilts, Stephen Gilligan, Joe Dispenza, Tony Robbins, Bruce Lipton<\/em> entre otros. Adem\u00e1s soy <span style=\"color: #ccffff;\"><strong>M\u00e1ster en Programaci\u00f3n Neuroling\u00fc\u00edstica<\/strong><\/span> y cre\u00e9 mi propia marca personal en el a\u00f1o 2014. Coautor del libro <span style=\"color: #ccffff;\"><strong>\u201cSue\u00f1os de H\u00e9roes\u201d (2016),\u00a0<\/strong><\/span>autor del libro <span style=\"color: #ccffff;\"><strong>\u201cSpotlight Leadership: despierta e inspira tu liderazgo\u201d (2020)\u00a0<\/strong><\/span>\u00a0y \u00abMentalidad Maraton\u00bb (2023). He creado mi propio programa de liderazgo <span style=\"color: #ccffff;\"><strong>\u201cOCEAN\u201d<\/strong><\/span> en octubre de 2021, al que me acompa\u00f1a <em>Miguel Lozano<\/em> (subcampe\u00f3n del mundo de apnea). Actualmente va por la quinta edici\u00f3n.<\/p><p>Amante del deporte desde ni\u00f1o, he cruzado la meta en veinticinco ocasiones en marat\u00f3n (cuatro de ellas en apenas veinte d\u00edas, en el proyecto solidario <span style=\"color: #ccffff;\"><strong>\u201cmaratones OCEAN\u201d<\/strong><\/span>) y soy finisher en triatl\u00f3n distancia <span style=\"color: #ccffff;\"><strong>IRONMAN<\/strong><\/span> en ocho ocasiones.<\/p><p>Integridad, respeto, amor, excelencia, pasi\u00f3n y evoluci\u00f3n constante son las m\u00e1ximas en mi filosof\u00eda de vida.<\/p>\t\t\t\t\t\t\t\t<\/div>\n\t\t\t\t<\/div>\n\t\t\t\t<\/div>\n\t\t\t\t\t<\/div>\n\t\t\t\t<\/div>\n\t\t<div class=\"elementor-element elementor-element-2d53432 e-flex e-con-boxed e-con e-parent\" data-id=\"2d53432\" data-element_type=\"container\" data-settings=\"{&quot;background_background&quot;:&quot;classic&quot;,&quot;jet_parallax_layout_list&quot;:[]}\">\n\t\t\t\t\t<div class=\"e-con-inner\">\n\t\t<div class=\"elementor-element elementor-element-77a549d e-con-full e-flex e-con e-child\" data-id=\"77a549d\" data-element_type=\"container\" data-settings=\"{&quot;jet_parallax_layout_list&quot;:[]}\">\n\t\t<div class=\"elementor-element elementor-element-267ea6a e-con-full e-flex e-con e-child\" data-id=\"267ea6a\" data-element_type=\"container\" data-settings=\"{&quot;jet_parallax_layout_list&quot;:[]}\">\n\t\t\t\t<div class=\"elementor-element elementor-element-71c4664 elementor-widget__width-initial elementor-widget-mobile__width-inherit elementor-widget elementor-widget-heading\" data-id=\"71c4664\" data-element_type=\"widget\" data-widget_type=\"heading.default\">\n\t\t\t\t<div class=\"elementor-widget-container\">\n\t\t\t\t\t<h2 class=\"elementor-heading-title elementor-size-default\">El <a class=\"blue\">valor <\/a><\/br>de la <a class=\"blue\">formaci\u00f3n<\/a><\/h2>\t\t\t\t<\/div>\n\t\t\t\t<\/div>\n\t\t\t\t<\/div>\n\t\t<a class=\"elementor-element elementor-element-47cccfb e-con-full e-flex e-con e-child\" data-id=\"47cccfb\" data-element_type=\"container\" data-settings=\"{&quot;jet_parallax_layout_list&quot;:[]}\" href=\"#\">\n\t\t\t\t<div class=\"elementor-element elementor-element-6a6b3d8 elementor-widget elementor-widget-spacer\" data-id=\"6a6b3d8\" data-element_type=\"widget\" data-widget_type=\"spacer.default\">\n\t\t\t\t<div class=\"elementor-widget-container\">\n\t\t\t\t\t\t\t<div class=\"elementor-spacer\">\n\t\t\t<div class=\"elementor-spacer-inner\"><\/div>\n\t\t<\/div>\n\t\t\t\t\t\t<\/div>\n\t\t\t\t<\/div>\n\t\t\t\t<\/a>\n\t\t\t\t<\/div>\n\t\t\t\t\t<\/div>\n\t\t\t\t<\/div>\n\t\t<div class=\"elementor-element elementor-element-5b7ffb8 e-flex e-con-boxed e-con e-parent\" data-id=\"5b7ffb8\" data-element_type=\"container\" data-settings=\"{&quot;jet_parallax_layout_list&quot;:[]}\">\n\t\t\t\t\t<div class=\"e-con-inner\">\n\t\t<div class=\"elementor-element elementor-element-d1d9a27 e-con-full e-flex e-con e-child\" data-id=\"d1d9a27\" data-element_type=\"container\" data-settings=\"{&quot;jet_parallax_layout_list&quot;:[]}\">\n\t\t<div class=\"elementor-element elementor-element-97c4afa e-con-full e-flex e-con e-child\" data-id=\"97c4afa\" data-element_type=\"container\" data-settings=\"{&quot;jet_parallax_layout_list&quot;:[]}\">\n\t\t\t\t<div class=\"elementor-element elementor-element-9be1cfb elementor-widget elementor-widget-image\" data-id=\"9be1cfb\" data-element_type=\"widget\" data-widget_type=\"image.default\">\n\t\t\t\t<div class=\"elementor-widget-container\">\n\t\t\t\t\t\t\t\t\t\t\t\t\t\t\t\t<a href=\"https:\/\/www.asescoaching.org\/socios\/coaches-profesionales\/xoan-gonzalez-soto\/\" target=\"_blank\" rel=\"noopener\">\n\t\t\t\t\t\t\t<img width=\"187\" height=\"59\" decoding=\"async\" src=\"data:image\/svg+xml;base64,PHN2ZyB4bWxucz0iaHR0cDovL3d3dy53My5vcmcvMjAwMC9zdmciIHdpZHRoPSIxODciIGhlaWdodD0iNTkiPjxyZWN0IHdpZHRoPSIxMDAlIiBoZWlnaHQ9IjEwMCUiPjxhbmltYXRlIGF0dHJpYnV0ZU5hbWU9ImZpbGwiIHZhbHVlcz0icmdiYSgxNTMsMTUzLDE1MywwLjUpO3JnYmEoMTUzLDE1MywxNTMsMC4xKTtyZ2JhKDE1MywxNTMsMTUzLDAuNSkiIGR1cj0iMnMiIHJlcGVhdENvdW50PSJpbmRlZmluaXRlIiAvPjwvcmVjdD48L3N2Zz4=\" class=\"attachment-large size-large wp-post-460 wp-image-2378\" alt=\"\" data-public-id=\"logo-asesco-cps-1\/logo-asesco-cps-1.png\" data-format=\"png\" data-transformations=\"f_auto,q_auto\" data-version=\"1693917856\" data-seo=\"1\" data-responsive=\"1\" data-size=\"187 59\" data-delivery=\"upload\" onload=\";window.CLDBind?CLDBind(this):null;\" data-cloudinary=\"lazy\" \/>\t\t\t\t\t\t\t\t<\/a>\n\t\t\t\t\t\t\t\t\t\t\t\t\t\t\t<\/div>\n\t\t\t\t<\/div>\n\t\t\t\t<\/div>\n\t\t<div class=\"elementor-element elementor-element-d5d971b e-con-full e-flex e-con e-child\" data-id=\"d5d971b\" data-element_type=\"container\" data-settings=\"{&quot;jet_parallax_layout_list&quot;:[]}\">\n\t\t\t\t<div class=\"elementor-element elementor-element-8b1a498 elementor-widget elementor-widget-image\" data-id=\"8b1a498\" data-element_type=\"widget\" data-widget_type=\"image.default\">\n\t\t\t\t<div class=\"elementor-widget-container\">\n\t\t\t\t\t\t\t\t\t\t\t\t\t\t\t<img width=\"800\" height=\"479\" data-public-id=\"icf\/icf.svg\" fetchpriority=\"high\" decoding=\"async\" src=\"https:\/\/res.cloudinary.com\/dkow5y2bp\/images\/w_150,h_90,c_scale\/f_auto,q_auto\/v1693918377\/icf\/icf.svg?_i=AA\" class=\"attachment-large size-large wp-post-460 wp-image-557\" alt=\"\" data-format=\"svg\" data-transformations=\"f_auto,q_auto\" data-version=\"1693918377\" data-seo=\"1\" \/>\t\t\t\t\t\t\t\t\t\t\t\t\t\t\t<\/div>\n\t\t\t\t<\/div>\n\t\t\t\t<\/div>\n\t\t<div class=\"elementor-element elementor-element-be9607c e-con-full e-flex e-con e-child\" data-id=\"be9607c\" data-element_type=\"container\" data-settings=\"{&quot;jet_parallax_layout_list&quot;:[]}\">\n\t\t\t\t<div class=\"elementor-element elementor-element-7caefc9 elementor-widget elementor-widget-image\" data-id=\"7caefc9\" data-element_type=\"widget\" data-widget_type=\"image.default\">\n\t\t\t\t<div class=\"elementor-widget-container\">\n\t\t\t\t\t\t\t\t\t\t\t\t\t\t\t<img width=\"800\" height=\"784\" data-public-id=\"iagg\/iagg.svg\" decoding=\"async\" src=\"https:\/\/res.cloudinary.com\/dkow5y2bp\/images\/w_150,h_147,c_scale\/f_auto,q_auto\/v1693918370\/iagg\/iagg.svg?_i=AA\" class=\"attachment-large size-large wp-post-460 wp-image-558\" alt=\"\" data-format=\"svg\" data-transformations=\"f_auto,q_auto\" data-version=\"1693918370\" data-seo=\"1\" \/>\t\t\t\t\t\t\t\t\t\t\t\t\t\t\t<\/div>\n\t\t\t\t<\/div>\n\t\t\t\t<\/div>\n\t\t<div class=\"elementor-element elementor-element-575b292 e-con-full e-flex e-con e-child\" data-id=\"575b292\" data-element_type=\"container\" data-settings=\"{&quot;jet_parallax_layout_list&quot;:[]}\">\n\t\t\t\t<div class=\"elementor-element elementor-element-c12cebd elementor-widget elementor-widget-image\" data-id=\"c12cebd\" data-element_type=\"widget\" data-widget_type=\"image.default\">\n\t\t\t\t<div class=\"elementor-widget-container\">\n\t\t\t\t\t\t\t\t\t\t\t\t\t\t\t<img width=\"800\" height=\"291\" data-public-id=\"tti-suces\/tti-suces.svg\" loading=\"lazy\" decoding=\"async\" src=\"https:\/\/res.cloudinary.com\/dkow5y2bp\/images\/w_150,h_55,c_scale\/f_auto,q_auto\/v1693918363\/tti-suces\/tti-suces.svg?_i=AA\" class=\"attachment-large size-large wp-post-460 wp-image-559\" alt=\"\" data-format=\"svg\" data-transformations=\"f_auto,q_auto\" data-version=\"1693918363\" data-seo=\"1\" \/>\t\t\t\t\t\t\t\t\t\t\t\t\t\t\t<\/div>\n\t\t\t\t<\/div>\n\t\t\t\t<\/div>\n\t\t<div class=\"elementor-element elementor-element-2bea8ea e-con-full e-flex e-con e-child\" data-id=\"2bea8ea\" data-element_type=\"container\" data-settings=\"{&quot;jet_parallax_layout_list&quot;:[]}\">\n\t\t\t\t<div class=\"elementor-element elementor-element-ffeaf30 elementor-widget elementor-widget-image\" data-id=\"ffeaf30\" data-element_type=\"widget\" data-widget_type=\"image.default\">\n\t\t\t\t<div class=\"elementor-widget-container\">\n\t\t\t\t\t\t\t\t\t\t\t\t\t\t\t<img width=\"800\" height=\"500\" data-public-id=\"cba\/cba.svg\" loading=\"lazy\" decoding=\"async\" src=\"https:\/\/res.cloudinary.com\/dkow5y2bp\/images\/w_150,h_94,c_scale\/f_auto,q_auto\/v1693918350\/cba\/cba.svg?_i=AA\" class=\"attachment-large size-large wp-post-460 wp-image-561\" alt=\"\" data-format=\"svg\" data-transformations=\"f_auto,q_auto\" data-version=\"1693918350\" data-seo=\"1\" \/>\t\t\t\t\t\t\t\t\t\t\t\t\t\t\t<\/div>\n\t\t\t\t<\/div>\n\t\t\t\t<\/div>\n\t\t<div class=\"elementor-element elementor-element-8489c4a e-con-full e-flex e-con e-child\" data-id=\"8489c4a\" data-element_type=\"container\" data-settings=\"{&quot;jet_parallax_layout_list&quot;:[]}\">\n\t\t\t\t<div class=\"elementor-element elementor-element-9a235dc elementor-widget elementor-widget-image\" data-id=\"9a235dc\" data-element_type=\"widget\" data-widget_type=\"image.default\">\n\t\t\t\t<div class=\"elementor-widget-container\">\n\t\t\t\t\t\t\t\t\t\t\t\t\t\t\t<img width=\"800\" height=\"491\" data-public-id=\"cma\/cma.svg\" loading=\"lazy\" decoding=\"async\" src=\"https:\/\/res.cloudinary.com\/dkow5y2bp\/images\/w_150,h_92,c_scale\/f_auto,q_auto\/v1693918343\/cma\/cma.svg?_i=AA\" class=\"attachment-large size-large wp-post-460 wp-image-562\" alt=\"\" data-format=\"svg\" data-transformations=\"f_auto,q_auto\" data-version=\"1693918343\" data-seo=\"1\" \/>\t\t\t\t\t\t\t\t\t\t\t\t\t\t\t<\/div>\n\t\t\t\t<\/div>\n\t\t\t\t<\/div>\n\t\t<div class=\"elementor-element elementor-element-a71c3d7 e-con-full e-flex e-con e-child\" data-id=\"a71c3d7\" data-element_type=\"container\" data-settings=\"{&quot;jet_parallax_layout_list&quot;:[]}\">\n\t\t\t\t<div class=\"elementor-element elementor-element-5023c4d elementor-widget elementor-widget-image\" data-id=\"5023c4d\" data-element_type=\"widget\" data-widget_type=\"image.default\">\n\t\t\t\t<div class=\"elementor-widget-container\">\n\t\t\t\t\t\t\t\t\t\t\t\t\t\t\t<img width=\"800\" height=\"482\" data-public-id=\"ceia\/ceia.svg\" loading=\"lazy\" decoding=\"async\" src=\"https:\/\/res.cloudinary.com\/dkow5y2bp\/images\/w_150,h_90,c_scale\/f_auto,q_auto\/v1693918336\/ceia\/ceia.svg?_i=AA\" class=\"attachment-large size-large wp-post-460 wp-image-563\" alt=\"\" data-format=\"svg\" data-transformations=\"f_auto,q_auto\" data-version=\"1693918336\" data-seo=\"1\" \/>\t\t\t\t\t\t\t\t\t\t\t\t\t\t\t<\/div>\n\t\t\t\t<\/div>\n\t\t\t\t<\/div>\n\t\t\t\t<\/div>\n\t\t\t\t\t<\/div>\n\t\t\t\t<\/div>\n\t\t<div class=\"elementor-element elementor-element-34a46f5 e-flex e-con-boxed e-con e-parent\" data-id=\"34a46f5\" data-element_type=\"container\" data-settings=\"{&quot;background_background&quot;:&quot;classic&quot;,&quot;jet_parallax_layout_list&quot;:[]}\">\n\t\t\t\t\t<div class=\"e-con-inner\">\n\t\t<div class=\"elementor-element elementor-element-3f866c0 e-con-full e-flex e-con e-child\" data-id=\"3f866c0\" data-element_type=\"container\" data-settings=\"{&quot;jet_parallax_layout_list&quot;:[]}\">\n\t\t<div class=\"elementor-element elementor-element-95a1353 e-con-full e-flex e-con e-child\" data-id=\"95a1353\" data-element_type=\"container\" data-settings=\"{&quot;jet_parallax_layout_list&quot;:[]}\">\n\t\t\t\t<div class=\"elementor-element elementor-element-6895ab8 elementor-widget__width-initial elementor-widget elementor-widget-global elementor-global-567 elementor-widget-heading\" data-id=\"6895ab8\" data-element_type=\"widget\" data-widget_type=\"heading.default\">\n\t\t\t\t<div class=\"elementor-widget-container\">\n\t\t\t\t\t<h2 class=\"elementor-heading-title elementor-size-default\">Te invito a <a class=\"blue\"> descubrir<\/a>\n<br> El <a class=\"blue\"> potencial<\/a> que hay en ti<\/h2>\t\t\t\t<\/div>\n\t\t\t\t<\/div>\n\t\t\t\t<\/div>\n\t\t\t\t<div class=\"elementor-element elementor-element-64d90f3 ee-button-group-gap-extended elementor-widget elementor-widget-global elementor-global-570 elementor-widget-button-group\" data-id=\"64d90f3\" data-element_type=\"widget\" data-settings=\"{&quot;trigger&quot;:&quot;mouseenter&quot;,&quot;trigger_tablet&quot;:&quot;click_target&quot;,&quot;trigger_mobile&quot;:&quot;click_target&quot;,&quot;_hide&quot;:&quot;mouseleave&quot;,&quot;_hide_tablet&quot;:&quot;click_out&quot;,&quot;_hide_mobile&quot;:&quot;click_out&quot;,&quot;position&quot;:&quot;bottom&quot;,&quot;delay_in&quot;:{&quot;unit&quot;:&quot;px&quot;,&quot;size&quot;:&quot;&quot;,&quot;sizes&quot;:[]},&quot;delay_out&quot;:{&quot;unit&quot;:&quot;px&quot;,&quot;size&quot;:&quot;&quot;,&quot;sizes&quot;:[]},&quot;duration&quot;:{&quot;unit&quot;:&quot;px&quot;,&quot;size&quot;:&quot;&quot;,&quot;sizes&quot;:[]}}\" data-widget_type=\"button-group.default\">\n\t\t\t\t<div class=\"elementor-widget-container\">\n\t\t\t\t\t<ul class=\"ee-button-group\"><li class=\"ee-button-gap elementor-repeater-item-0484dd8\">\n\t\t\t\t\t<a class=\"ee-button-wrapper\" href=\"https:\/\/xoangonzalez.es\/en\/agenda\/\">\n\n\t\t\t\t\t\t<span class=\"ee-button ee-button-link ee-size-sm\" data-label=\"Reserva tu sesi\u00f3n conmigo\">\n\t\t\t\t\t\t\t<span class=\"ee-button-content-wrapper\"><span class=\"ee-button-text\">\n\t\t\t\t\t\t\t\t\tReserva tu sesi\u00f3n conmigo\t\t\t\t\t\t\t\t<\/span>\n\n\t\t\t\t\t\t\t\t\n\t\t\t\t\t\t\t<\/span>\n\t\t\t\t\t\t<\/span>\n\n\t\t\t\t\t<\/a>\n\t\t\t\t<\/li><\/ul>\n\t\t\t\t\t\t<\/div>\n\t\t\t\t<\/div>\n\t\t\t\t<\/div>\n\t\t\t\t\t<\/div>\n\t\t\t\t<\/div>\n\t\t\t\t<\/div>","protected":false},"excerpt":{"rendered":"<p>\u201dTenemos que aprender por nosotros mismos y luego ense\u00f1ar a los dem\u00e1s, que en realidad no importa que no esperemos nada de la vida, sino si la vida espera algo de nosotros\u201d Victor Frankl Crear un mundo al que las personas deseen pertenecer \u00a1Me presento! Soy Xoan Gonz\u00e1lez Soto, un apasionado del liderazgo, desarrollo personal [&hellip;]<\/p>\n","protected":false},"author":1,"featured_media":0,"parent":0,"menu_order":0,"comment_status":"closed","ping_status":"closed","template":"","meta":{"inline_featured_image":false,"_cloudinary_featured_overwrite":false,"footnotes":""},"class_list":["post-460","page","type-page","status-publish","hentry"],"_links":{"self":[{"href":"https:\/\/xoangonzalez.es\/en\/wp-json\/wp\/v2\/pages\/460","targetHints":{"allow":["GET"]}}],"collection":[{"href":"https:\/\/xoangonzalez.es\/en\/wp-json\/wp\/v2\/pages"}],"about":[{"href":"https:\/\/xoangonzalez.es\/en\/wp-json\/wp\/v2\/types\/page"}],"author":[{"embeddable":true,"href":"https:\/\/xoangonzalez.es\/en\/wp-json\/wp\/v2\/users\/1"}],"replies":[{"embeddable":true,"href":"https:\/\/xoangonzalez.es\/en\/wp-json\/wp\/v2\/comments?post=460"}],"version-history":[{"count":34,"href":"https:\/\/xoangonzalez.es\/en\/wp-json\/wp\/v2\/pages\/460\/revisions"}],"predecessor-version":[{"id":135179,"href":"https:\/\/xoangonzalez.es\/en\/wp-json\/wp\/v2\/pages\/460\/revisions\/135179"}],"wp:attachment":[{"href":"https:\/\/xoangonzalez.es\/en\/wp-json\/wp\/v2\/media?parent=460"}],"curies":[{"name":"wp","href":"https:\/\/api.w.org\/{rel}","templated":true}]}}